{"id":35,"date":"2019-02-17T21:03:49","date_gmt":"2019-02-17T21:03:49","guid":{"rendered":"http:\/\/thollon.montagne-location-vacances.fr\/?page_id=35"},"modified":"2019-02-17T21:03:49","modified_gmt":"2019-02-17T21:03:49","slug":"lappartement","status":"publish","type":"page","link":"http:\/\/myzorghouse.freeboxos.fr:49156\/wordpress\/","title":{"rendered":"L&rsquo;appartement"},"content":{"rendered":"\n<p>L&rsquo;appartement se situe au coeur de la Station de Thollon-les-M\u00e9mises, dans une petite r\u00e9sidence chalet au 2\u00e8me \u00e9tage avec ascenseur. <br>Ses deux grands balcons permettent de profiter d&rsquo;une superbe vue panoramique\u00a0sur le lac L\u00e9man et d&rsquo;un aper\u00e7u des montagnes des M\u00e9mises.<\/p>\n\n\n\n<p>Il est situ\u00e9 \u00e0 proximit\u00e9&nbsp;<br>\nde la&nbsp;t\u00e9l\u00e9cabine&nbsp;: 100 m. <br>\ndes commerces&nbsp;: 50 m<br>\ndes restaurants&nbsp;: 50 m <br>\ndu d\u00e9part des randonn\u00e9es<br>\ndu march\u00e9 hebdomadaire qui se tient sur la place du village<br>\ndes services (halte-garderie, m\u00e9decin, laverie, office tourisme, DAB): 100 m<br>\nde la poste, de la mairie, de la fromagerie <br>\nde la ville d&rsquo;Evian&nbsp;: 12 km (avec gare SNCF, Casino, plage, piscine, taxis, bateaux navette pour Lausanne et bateaux excursion) <br>\nde l&rsquo;a\u00e9roport&nbsp;de Gen\u00e8ve : 55 km.<\/p>\n","protected":false},"excerpt":{"rendered":"<p>L&rsquo;appartement se situe au coeur de la Station de Thollon-les-M\u00e9mises, dans une petite r\u00e9sidence chalet au 2\u00e8me \u00e9tage avec ascenseur. Ses deux grands balcons permettent de profiter d&rsquo;une superbe vue panoramique\u00a0sur le lac L\u00e9man et d&rsquo;un aper\u00e7u des montagnes des M\u00e9mises. Il est situ\u00e9 \u00e0 proximit\u00e9&nbsp; de la&nbsp;t\u00e9l\u00e9cabine&nbsp;: 100 m. des commerces&nbsp;: 50 m des &hellip; <\/p>\n<p class=\"link-more\"><a href=\"http:\/\/myzorghouse.freeboxos.fr:49156\/wordpress\/\" class=\"more-link\">Continuer la lecture<span class=\"screen-reader-text\"> de &laquo;&nbsp;L&rsquo;appartement&nbsp;&raquo;<\/span><\/a><\/p>\n","protected":false},"author":1,"featured_media":0,"parent":0,"menu_order":0,"comment_status":"closed","ping_status":"closed","template":"","meta":{"footnotes":""},"class_list":["post-35","page","type-page","status-publish","hentry"],"_links":{"self":[{"href":"http:\/\/myzorghouse.freeboxos.fr:49156\/wordpress\/index.php\/wp-json\/wp\/v2\/pages\/35","targetHints":{"allow":["GET"]}}],"collection":[{"href":"http:\/\/myzorghouse.freeboxos.fr:49156\/wordpress\/index.php\/wp-json\/wp\/v2\/pages"}],"about":[{"href":"http:\/\/myzorghouse.freeboxos.fr:49156\/wordpress\/index.php\/wp-json\/wp\/v2\/types\/page"}],"author":[{"embeddable":true,"href":"http:\/\/myzorghouse.freeboxos.fr:49156\/wordpress\/index.php\/wp-json\/wp\/v2\/users\/1"}],"replies":[{"embeddable":true,"href":"http:\/\/myzorghouse.freeboxos.fr:49156\/wordpress\/index.php\/wp-json\/wp\/v2\/comments?post=35"}],"version-history":[{"count":0,"href":"http:\/\/myzorghouse.freeboxos.fr:49156\/wordpress\/index.php\/wp-json\/wp\/v2\/pages\/35\/revisions"}],"wp:attachment":[{"href":"http:\/\/myzorghouse.freeboxos.fr:49156\/wordpress\/index.php\/wp-json\/wp\/v2\/media?parent=35"}],"curies":[{"name":"wp","href":"https:\/\/api.w.org\/{rel}","templated":true}]}}